{"id":102313,"date":"2022-12-02T15:39:08","date_gmt":"2022-12-02T14:39:08","guid":{"rendered":"https:\/\/www.isi.tn\/99presentation\/"},"modified":"2022-12-27T07:49:14","modified_gmt":"2022-12-27T06:49:14","slug":"99presentation","status":"publish","type":"page","link":"https:\/\/www.isi.tn\/ar\/99presentation\/","title":{"rendered":"99Pr\u00e9sentation"},"content":{"rendered":"<p>[et_pb_section fb_built=&#8221;1&#8243; _builder_version=&#8221;4.19.4&#8243; _module_preset=&#8221;default&#8221; global_colors_info=&#8221;{}&#8221; theme_builder_area=&#8221;post_content&#8221;][et_pb_row admin_label=&#8221;Titre-&#8221; _builder_version=&#8221;4.19.4&#8243; _module_preset=&#8221;default&#8221; width=&#8221;95%&#8221; custom_padding=&#8221;15px||10px||false|false&#8221; saved_tabs=&#8221;all&#8221; global_colors_info=&#8221;{}&#8221; theme_builder_area=&#8221;post_content&#8221;][et_pb_column type=&#8221;4_4&#8243; _builder_version=&#8221;4.19.2&#8243; _module_preset=&#8221;default&#8221; global_colors_info=&#8221;{}&#8221; theme_builder_area=&#8221;post_content&#8221;][df_adh_heading title_prefix_block=&#8221;inline&#8221; title_infix=&#8221;Historique&#8221; heading_margin=&#8221;|||55px|false|false&#8221; admin_label=&#8221;tiret-Evenement&#8221; module_class=&#8221;line-before-sub-text-green&#8221; _builder_version=&#8221;4.19.4&#8243; _module_preset=&#8221;default&#8221; title_level=&#8221;h2&#8243; title_font=&#8221;|600|||||||&#8221; title_text_align=&#8221;left&#8221; title_text_color=&#8221;#0C71C3&#8243; t_dual_font=&#8221;|||||on|||&#8221; t_dual_text_align=&#8221;left&#8221; t_dual_text_color=&#8221;rgba(224,224,224,0.48)&#8221; t_prefix_font=&#8221;|600|||||||&#8221; t_prefix_text_color=&#8221;#00BF00&#8243; t_infix_font=&#8221;|600|||||||&#8221; global_colors_info=&#8221;{}&#8221; theme_builder_area=&#8221;post_content&#8221;][\/df_adh_heading][et_pb_text _builder_version=&#8221;4.19.4&#8243; _module_preset=&#8221;default&#8221; custom_padding=&#8221;10px||20px||false|false&#8221; hover_enabled=&#8221;0&#8243; global_colors_info=&#8221;{}&#8221; theme_builder_area=&#8221;post_content&#8221; sticky_enabled=&#8221;0&#8243;]<\/p>\n<p style=\"text-align: justify;\">L\u2019Institut Sup\u00e9rieur d\u2019Informatique relevant de l\u2019Universit\u00e9 de Tunis El Manar a \u00e9t\u00e9 cr\u00e9e par d\u00e9cret N\u00b0 1912 du 14 Aout 2001. Il offre les cycles de formation suivante :<\/p>\n<ul>\n<li style=\"text-align: justify;\">Cycle de formation en Licence en Informatique d\u2019une dur\u00e9e de trois ans ;<\/li>\n<li style=\"text-align: justify;\">Cycle de formation d\u2019Ing\u00e9nieurs en Informatique d\u2019une dur\u00e9e de trois ans ;<\/li>\n<li style=\"text-align: justify;\">Cycle de formation en Mast\u00e8re Professionnel en Informatique \u201cS\u00e9curit\u00e9 des Syst\u00e8mes Informatiques communicants et Embarqu\u00e9s\u201d (SSICE) ;<\/li>\n<li style=\"text-align: justify;\">Cycle de formation en Mast\u00e8re Professionnel en Informatique \u201cLogiciels Libres\u201d (MP2L) en collaboration avec l\u2019Universit\u00e9 Virtuel de Tunis ;<\/li>\n<li style=\"text-align: justify;\">Cycle de formation en Mast\u00e8re de Recherche en Informatique avec deux parcours : SIIVA et GL.<\/li>\n<\/ul>\n<p style=\"text-align: justify;\">\n<p style=\"text-align: justify;\">L\u2019 admission en cycle Licence se fait par la voie de l\u2019orientation des bacheliers.<\/p>\n<p style=\"text-align: justify;\">L\u2019 admission au cycle d\u2019Ing\u00e9nieur s\u2019effectue \u00e0 un niveau Bac + 3 en Informatique (ou \u00e9quivalent) et suite au concours national sp\u00e9cifique.<\/p>\n<p style=\"text-align: justify;\">Sont admis aux Mast\u00e8res les titulaires d\u2019une Licence en Informatique ou \u00e9quivalent<\/p>\n<p>[\/et_pb_text][et_pb_image src=&#8221;https:\/\/www.isi.tn\/wp-content\/uploads\/2022\/11\/rocket-2-1.png&#8221; title_text=&#8221;rocket-2&#8243; disabled_on=&#8221;on|off|off&#8221; admin_label=&#8221;fus\u00e9&#8221; _builder_version=&#8221;4.18.0&#8243; _module_preset=&#8221;default&#8221; positioning=&#8221;absolute&#8221; position_origin_a=&#8221;bottom_left&#8221; vertical_offset=&#8221;-177px&#8221; horizontal_offset=&#8221;-85px&#8221; width=&#8221;200px&#8221; animation_style=&#8221;bounce&#8221; animation_direction=&#8221;bottom&#8221; global_colors_info=&#8221;{}&#8221; theme_builder_area=&#8221;post_content&#8221;][\/et_pb_image][\/et_pb_column][\/et_pb_row][\/et_pb_section]<\/p>\n","protected":false},"excerpt":{"rendered":"<p><div class=\"et_pb_module df_adh_heading df_adh_heading_0 line-before-sub-text-green\">\n\t\t\t\t\n\t\t\t\t\n\t\t\t\t\n\t\t\t\t\n\t\t\t\t\n\t\t\t\t\n\t\t\t\t<div class=\"et_pb_module_inner\">\n\t\t\t\t\t<div class=\"df-heading-container\">\r\n                \r\n                \r\n                <h2 class=\"df-heading\"> <span class=\"infix\">Historique<\/span> <\/h2>\r\n                \r\n            <\/div>\n\t\t\t\t<\/div>\n\t\t\t<\/div> L\u2019Institut Sup\u00e9rieur d\u2019Informatique relevant de l\u2019Universit\u00e9 de Tunis El Manar [&hellip;]<\/p>\n","protected":false},"author":1,"featured_media":0,"parent":0,"menu_order":1,"comment_status":"closed","ping_status":"closed","template":"","meta":{"_et_pb_use_builder":"on","_et_pb_old_content":"","_et_gb_content_width":"","footnotes":""},"difl_page_category":[],"class_list":["post-102313","page","type-page","status-publish","hentry"],"publishpress_future_action":{"enabled":false,"date":"2026-04-26 13:55:59","action":"change-status","newStatus":"draft","terms":[],"taxonomy":"translation_priority","extraData":[]},"publishpress_future_workflow_manual_trigger":{"enabledWorkflows":[]},"_links":{"self":[{"href":"https:\/\/www.isi.tn\/ar\/wp-json\/wp\/v2\/pages\/102313","targetHints":{"allow":["GET"]}}],"collection":[{"href":"https:\/\/www.isi.tn\/ar\/wp-json\/wp\/v2\/pages"}],"about":[{"href":"https:\/\/www.isi.tn\/ar\/wp-json\/wp\/v2\/types\/page"}],"author":[{"embeddable":true,"href":"https:\/\/www.isi.tn\/ar\/wp-json\/wp\/v2\/users\/1"}],"replies":[{"embeddable":true,"href":"https:\/\/www.isi.tn\/ar\/wp-json\/wp\/v2\/comments?post=102313"}],"version-history":[{"count":2,"href":"https:\/\/www.isi.tn\/ar\/wp-json\/wp\/v2\/pages\/102313\/revisions"}],"predecessor-version":[{"id":102315,"href":"https:\/\/www.isi.tn\/ar\/wp-json\/wp\/v2\/pages\/102313\/revisions\/102315"}],"wp:attachment":[{"href":"https:\/\/www.isi.tn\/ar\/wp-json\/wp\/v2\/media?parent=102313"}],"wp:term":[{"taxonomy":"difl_page_category","embeddable":true,"href":"https:\/\/www.isi.tn\/ar\/wp-json\/wp\/v2\/difl_page_category?post=102313"}],"curies":[{"name":"wp","href":"https:\/\/api.w.org\/{rel}","templated":true}]}}